{"id":69,"date":"2020-01-27T08:05:29","date_gmt":"2020-01-27T08:05:29","guid":{"rendered":"https:\/\/demosites.io\/web-agency-gb\/?page_id=69"},"modified":"2024-04-23T22:10:20","modified_gmt":"2024-04-23T22:10:20","slug":"cursos","status":"publish","type":"page","link":"https:\/\/evceducacional.com\/universidadecorporativa\/cursos\/","title":{"rendered":"Cursos"},"content":{"rendered":"\n<div class=\"wp-block-cover alignfull\" style=\"min-height:600px\"><span aria-hidden=\"true\" class=\"wp-block-cover__background has-nv-light-bg-background-color has-background-dim-100 has-background-dim\"><\/span><div class=\"wp-block-cover__inner-container\">\n<div class=\"wp-block-group is-layout-flow\"><div class=\"wp-block-group__inner-container\">\n<div style=\"height:80px\" aria-hidden=\"true\" class=\"wp-block-spacer\"><\/div>\n\n\n\n<div class=\"wp-block-columns are-vertically-aligned-top is-layout-flex wp-container-5\">\n<div class=\"wp-block-column is-vertically-aligned-top is-layout-flow\" style=\"flex-basis:50%\">\n<figure class=\"wp-block-image size-full\"><img decoding=\"async\" loading=\"lazy\" width=\"500\" height=\"353\" src=\"https:\/\/evceducacional.com\/universidadecorporativa\/wp-content\/uploads\/2024\/04\/Captura-de-tela-2024-04-23-164348-1-e1713909902821.png\" alt=\"\" class=\"wp-image-399\" srcset=\"https:\/\/evceducacional.com\/universidadecorporativa\/wp-content\/uploads\/2024\/04\/Captura-de-tela-2024-04-23-164348-1-e1713909902821.png 500w, https:\/\/evceducacional.com\/universidadecorporativa\/wp-content\/uploads\/2024\/04\/Captura-de-tela-2024-04-23-164348-1-e1713909902821-300x212.png 300w\" sizes=\"(max-width: 500px) 100vw, 500px\" \/><\/figure>\n\n\n\n<div style=\"height:24px\" aria-hidden=\"true\" class=\"wp-block-spacer\"><\/div>\n\n\n\n<h3 class=\"wp-block-heading has-text-align-center has-neve-text-color-color has-text-color\">Gest\u00e3o de Acervo Acad\u00eamico para coordenadores e gestores educacionais<\/h3>\n\n\n\n<p class=\"has-text-align-center has-neve-text-color-color has-text-color\">O curso de Gest\u00e3o de Acervo Acad\u00eamico visa capacitar e atualizar profissionais que atuam em diversos setores da gest\u00e3o acad\u00eamica, com foco especial nos gestores institucionais e coordenadores de cursos de gradua\u00e7\u00e3o. Este programa aborda aspectos essenciais do acervo acad\u00eamico, incluindo regramento relacionado ao acervo f\u00edsico e digital, tabela de classifica\u00e7\u00e3o e temporalidade, e tipos de atos documentais.<br>Data: 15\/06\/2024<br>Hor\u00e1rio: 09h \u00e0s 17h<br><\/p>\n\n\n\n<div class=\"wp-block-buttons is-content-justification-center is-layout-flex wp-container-1\">\n<div class=\"wp-block-button is-style-primary\"><a class=\"wp-block-button__link wp-element-button\" href=\"https:\/\/evceducacional.com\/loja\/index.php\/finalizar-compra\/inscricao\/\">MATRICULE-SE<\/a><\/div>\n<\/div>\n\n\n\n<div style=\"height:40px\" aria-hidden=\"true\" class=\"wp-block-spacer\"><\/div>\n<\/div>\n\n\n\n<div class=\"wp-block-column is-vertically-aligned-top is-layout-flow\" style=\"flex-basis:50%\">\n<figure class=\"wp-block-image size-full\"><img decoding=\"async\" src=\"https:\/\/evceducacional.com\/universidadecorporativa\/wp-content\/uploads\/2023\/05\/secretaria_academica_rotinas_e_operacoes.jpg\" alt=\"\" class=\"wp-image-383\"\/><\/figure>\n\n\n\n<div style=\"height:24px\" aria-hidden=\"true\" class=\"wp-block-spacer\"><\/div>\n\n\n\n<h3 class=\"wp-block-heading has-text-align-center has-neve-text-color-color has-text-color\">Secretaria Acad\u00eamica &#8211; Rotinas e Opera\u00e7\u00f5es<\/h3>\n\n\n\n<p class=\"has-text-align-center has-neve-text-color-color has-text-color\">O curso se destina a profissionais que atuam na \u00e1rea como secret\u00e1rias(os) acad\u00eamicas(os), protocolo de atendimento e para qualquer pessoa que queira aprender sobre essa profiss\u00e3o.<\/p>\n\n\n\n<div class=\"wp-block-buttons is-content-justification-center is-layout-flex wp-container-3\">\n<div class=\"wp-block-button is-style-primary\"><a class=\"wp-block-button__link wp-element-button\" href=\"https:\/\/evceducacional.com\/loja\/index.php\/produto\/secretaria_academia\/\" target=\"_blank\" rel=\"noreferrer noopener\">MATRICULE-SE<\/a><\/div>\n<\/div>\n\n\n\n<div style=\"height:40px\" aria-hidden=\"true\" class=\"wp-block-spacer\"><\/div>\n<\/div>\n<\/div>\n\n\n\n<div style=\"height:40px\" aria-hidden=\"true\" class=\"wp-block-spacer\"><\/div>\n<\/div><\/div>\n<\/div><\/div>\n","protected":false},"excerpt":{"rendered":"","protected":false},"author":1,"featured_media":0,"parent":0,"menu_order":0,"comment_status":"closed","ping_status":"closed","template":"","meta":{"neve_meta_sidebar":"full-width","neve_meta_container":"","neve_meta_enable_content_width":"on","neve_meta_content_width":100,"neve_meta_title_alignment":"","neve_meta_author_avatar":"","neve_post_elements_order":"","neve_meta_disable_header":"","neve_meta_disable_footer":"","neve_meta_disable_title":"on","_themeisle_gutenberg_block_has_review":false,"_ti_tpc_template_sync":false,"_ti_tpc_template_id":"94gtya0n2udx05knf121"},"_links":{"self":[{"href":"https:\/\/evceducacional.com\/universidadecorporativa\/wp-json\/wp\/v2\/pages\/69"}],"collection":[{"href":"https:\/\/evceducacional.com\/universidadecorporativa\/wp-json\/wp\/v2\/pages"}],"about":[{"href":"https:\/\/evceducacional.com\/universidadecorporativa\/wp-json\/wp\/v2\/types\/page"}],"author":[{"embeddable":true,"href":"https:\/\/evceducacional.com\/universidadecorporativa\/wp-json\/wp\/v2\/users\/1"}],"replies":[{"embeddable":true,"href":"https:\/\/evceducacional.com\/universidadecorporativa\/wp-json\/wp\/v2\/comments?post=69"}],"version-history":[{"count":9,"href":"https:\/\/evceducacional.com\/universidadecorporativa\/wp-json\/wp\/v2\/pages\/69\/revisions"}],"predecessor-version":[{"id":402,"href":"https:\/\/evceducacional.com\/universidadecorporativa\/wp-json\/wp\/v2\/pages\/69\/revisions\/402"}],"wp:attachment":[{"href":"https:\/\/evceducacional.com\/universidadecorporativa\/wp-json\/wp\/v2\/media?parent=69"}],"curies":[{"name":"wp","href":"https:\/\/api.w.org\/{rel}","templated":true}]}}