{"id":308,"date":"2020-01-13T11:17:52","date_gmt":"2020-01-13T11:17:52","guid":{"rendered":"https:\/\/demosites.io\/web-agency-gb\/?page_id=5"},"modified":"2023-05-10T18:36:01","modified_gmt":"2023-05-10T18:36:01","slug":"15c42-web-agency-gb-home","status":"publish","type":"page","link":"https:\/\/evceducacional.com\/universidadecorporativa\/","title":{"rendered":"Home"},"content":{"rendered":"\n<div class=\"wp-block-cover alignfull is-light\" style=\"min-height:700px\"><span aria-hidden=\"true\" class=\"wp-block-cover__background has-background-dim-0 has-background-dim\"><\/span><img decoding=\"async\" loading=\"lazy\" width=\"1366\" height=\"911\" class=\"wp-block-cover__image-background wp-image-360\" alt=\"\" src=\"https:\/\/evceducacional.com\/universidadecorporativa\/wp-content\/uploads\/2023\/05\/topo-1.jpg\" data-object-fit=\"cover\" srcset=\"https:\/\/evceducacional.com\/universidadecorporativa\/wp-content\/uploads\/2023\/05\/topo-1.jpg 1366w, https:\/\/evceducacional.com\/universidadecorporativa\/wp-content\/uploads\/2023\/05\/topo-1-300x200.jpg 300w, https:\/\/evceducacional.com\/universidadecorporativa\/wp-content\/uploads\/2023\/05\/topo-1-1024x683.jpg 1024w, https:\/\/evceducacional.com\/universidadecorporativa\/wp-content\/uploads\/2023\/05\/topo-1-768x512.jpg 768w, https:\/\/evceducacional.com\/universidadecorporativa\/wp-content\/uploads\/2023\/05\/topo-1-930x620.jpg 930w\" sizes=\"(max-width: 1366px) 100vw, 1366px\" \/><div class=\"wp-block-cover__inner-container\">\n<div style=\"height:80px\" aria-hidden=\"true\" class=\"wp-block-spacer\"><\/div>\n\n\n\n<h2 class=\"wp-block-heading has-text-align-center has-nv-dark-bg-color has-text-color\">UNIVERSIDADE CORPORATIVA<br>EVC EDUCACIONAL<\/h2>\n\n\n\n<p class=\"has-text-align-center has-text-color\" style=\"color:#121212;font-size:17px\">Oferece treinamentos e capacita\u00e7\u00f5es vinculadas \u00e0 empresas ou \u00e0 corpora\u00e7\u00f5es de forma estrat\u00e9gica e altamente competitiva.<\/p>\n\n\n\n<div class=\"wp-block-buttons is-horizontal is-content-justification-center is-layout-flex wp-container-1\">\n<div class=\"wp-block-button is-style-primary\"><a class=\"wp-block-button__link wp-element-button\" href=\"https:\/\/evceducacional.com\/loja\/\">NOSSOS CURSOS<\/a><\/div>\n<\/div>\n\n\n\n<div style=\"height:80px\" aria-hidden=\"true\" class=\"wp-block-spacer\"><\/div>\n\n\n\n<div style=\"height:80px\" aria-hidden=\"true\" class=\"wp-block-spacer\"><\/div>\n<\/div><\/div>\n\n\n\n<div style=\"height:80px\" aria-hidden=\"true\" class=\"wp-block-spacer\"><\/div>\n\n\n\n<div class=\"wp-block-columns is-layout-flex wp-container-5\">\n<div class=\"wp-block-column is-layout-flow\"><div class=\"wp-block-image icon-style is-style-rounded\">\n<figure class=\"aligncenter size-large\"><img decoding=\"async\" src=\"https:\/\/evceducacional.com\/universidadecorporativa\/wp-content\/uploads\/2020\/01\/neve-webdesign-GB-03.png\" alt=\"\" class=\"wp-image-20\" title=\"\"\/><\/figure><\/div>\n\n\n<div style=\"height:20px\" aria-hidden=\"true\" class=\"wp-block-spacer\"><\/div>\n\n\n\n<h3 class=\"wp-block-heading has-text-align-center has-neve-text-color-color has-text-color\">Desafios e Oportunidades<\/h3>\n\n\n\n<p class=\"has-text-align-center\">Os cursos s\u00e3o desenvolvidos estrategicamente, de acordo com a demanda e com os cen\u00e1rios da sua atividade profissional.<\/p>\n\n\n\n<div style=\"height:20px\" aria-hidden=\"true\" class=\"wp-block-spacer\"><\/div>\n<\/div>\n\n\n\n<div class=\"wp-block-column is-layout-flow\"><div class=\"wp-block-image icon-style is-style-rounded\">\n<figure class=\"aligncenter size-large\"><img decoding=\"async\" src=\"https:\/\/evceducacional.com\/universidadecorporativa\/wp-content\/uploads\/2020\/01\/neve-webdesign-GB-04.png\" alt=\"\" class=\"wp-image-21\"\/><\/figure><\/div>\n\n\n<div style=\"height:20px\" aria-hidden=\"true\" class=\"wp-block-spacer\"><\/div>\n\n\n\n<h3 class=\"wp-block-heading has-text-align-center has-neve-text-color-color has-text-color\">Capacita\u00e7\u00e3o<\/h3>\n\n\n\n<p class=\"has-text-align-center\">Treina, desenvolve habilidades e descobre talentos.<\/p>\n\n\n\n<div style=\"height:20px\" aria-hidden=\"true\" class=\"wp-block-spacer\"><\/div>\n<\/div>\n\n\n\n<div class=\"wp-block-column is-layout-flow\"><div class=\"wp-block-image icon-style is-style-rounded\">\n<figure class=\"aligncenter size-large\"><img decoding=\"async\" src=\"https:\/\/evceducacional.com\/universidadecorporativa\/wp-content\/uploads\/2020\/01\/neve-webdesign-GB-01.png\" alt=\"\" class=\"wp-image-18\"\/><\/figure><\/div>\n\n\n<div style=\"height:20px\" aria-hidden=\"true\" class=\"wp-block-spacer\"><\/div>\n\n\n\n<h3 class=\"wp-block-heading has-text-align-center has-neve-text-color-color has-text-color\">M\u00e9tricas de Desempenho<\/h3>\n\n\n\n<p class=\"has-text-align-center\">M\u00e9tricas de Desempenho<\/p>\n\n\n\n<div style=\"height:20px\" aria-hidden=\"true\" class=\"wp-block-spacer\"><\/div>\n<\/div>\n<\/div>\n\n\n\n<div class=\"wp-block-cover alignfull\" style=\"min-height:600px\"><span aria-hidden=\"true\" class=\"wp-block-cover__background has-nv-dark-bg-background-color has-background-dim-100 has-background-dim\"><\/span><div class=\"wp-block-cover__inner-container\">\n<div class=\"wp-block-group is-layout-flow\"><div class=\"wp-block-group__inner-container\">\n<div style=\"height:80px\" aria-hidden=\"true\" class=\"wp-block-spacer\"><\/div>\n\n\n\n<div class=\"wp-block-columns are-vertically-aligned-center is-layout-flex wp-container-9\">\n<div class=\"wp-block-column is-vertically-aligned-center is-layout-flow\" style=\"flex-basis:50%\">\n<figure class=\"wp-block-image size-large\"><img decoding=\"async\" loading=\"lazy\" width=\"600\" height=\"600\" src=\"https:\/\/evceducacional.com\/universidadecorporativa\/wp-content\/uploads\/2020\/01\/neve-web-design-bg-08.jpg\" alt=\"\" class=\"wp-image-35\" srcset=\"https:\/\/evceducacional.com\/universidadecorporativa\/wp-content\/uploads\/2020\/01\/neve-web-design-bg-08.jpg 600w, https:\/\/evceducacional.com\/universidadecorporativa\/wp-content\/uploads\/2020\/01\/neve-web-design-bg-08-300x300.jpg 300w, https:\/\/evceducacional.com\/universidadecorporativa\/wp-content\/uploads\/2020\/01\/neve-web-design-bg-08-150x150.jpg 150w\" sizes=\"(max-width: 600px) 100vw, 600px\" \/><\/figure>\n<\/div>\n\n\n\n<div class=\"wp-block-column is-vertically-aligned-center is-layout-flow\" style=\"flex-basis:50%\">\n<div style=\"height:40px\" aria-hidden=\"true\" class=\"wp-block-spacer\"><\/div>\n\n\n\n<h3 class=\"wp-block-heading has-text-align-left has-nv-text-dark-bg-color has-text-color\">Cursos Universidade Corporativa EVC<\/h3>\n\n\n\n<p class=\"has-text-align-left has-nv-text-dark-bg-color has-text-color\" style=\"font-size:17px\">Conhe\u00e7a os cursos da Universidade Corporativa EVC Educacional<\/p>\n\n\n\n<div class=\"wp-block-buttons is-horizontal is-content-justification-left is-layout-flex wp-container-7\">\n<div class=\"wp-block-button is-style-primary\"><a class=\"wp-block-button__link wp-element-button\" href=\"https:\/\/evceducacional.com\/loja\/\">CONHE\u00c7A AQUI<\/a><\/div>\n<\/div>\n<\/div>\n<\/div>\n\n\n\n<div style=\"height:50px\" aria-hidden=\"true\" class=\"wp-block-spacer\"><\/div>\n<\/div><\/div>\n<\/div><\/div>\n","protected":false},"excerpt":{"rendered":"<p>Desafios e Oportunidades Os cursos s\u00e3o desenvolvidos estrategicamente, de acordo com a demanda e com os cen\u00e1rios da sua atividade profissional. Capacita\u00e7\u00e3o Treina, desenvolve habilidades e descobre talentos. M\u00e9tricas de Desempenho M\u00e9tricas de Desempenho<\/p>\n","protected":false},"author":1,"featured_media":0,"parent":0,"menu_order":0,"comment_status":"closed","ping_status":"closed","template":"","meta":{"neve_meta_sidebar":"default","neve_meta_container":"default","neve_meta_enable_content_width":"on","neve_meta_content_width":100,"neve_meta_title_alignment":"","neve_meta_author_avatar":"","neve_post_elements_order":"","neve_meta_disable_header":"","neve_meta_disable_footer":"","neve_meta_disable_title":"on","_themeisle_gutenberg_block_has_review":false,"_ti_tpc_template_sync":false,"_ti_tpc_template_id":"5udqur826ojgsxrmsxsc"},"_links":{"self":[{"href":"https:\/\/evceducacional.com\/universidadecorporativa\/wp-json\/wp\/v2\/pages\/308"}],"collection":[{"href":"https:\/\/evceducacional.com\/universidadecorporativa\/wp-json\/wp\/v2\/pages"}],"about":[{"href":"https:\/\/evceducacional.com\/universidadecorporativa\/wp-json\/wp\/v2\/types\/page"}],"author":[{"embeddable":true,"href":"https:\/\/evceducacional.com\/universidadecorporativa\/wp-json\/wp\/v2\/users\/1"}],"replies":[{"embeddable":true,"href":"https:\/\/evceducacional.com\/universidadecorporativa\/wp-json\/wp\/v2\/comments?post=308"}],"version-history":[{"count":3,"href":"https:\/\/evceducacional.com\/universidadecorporativa\/wp-json\/wp\/v2\/pages\/308\/revisions"}],"predecessor-version":[{"id":361,"href":"https:\/\/evceducacional.com\/universidadecorporativa\/wp-json\/wp\/v2\/pages\/308\/revisions\/361"}],"wp:attachment":[{"href":"https:\/\/evceducacional.com\/universidadecorporativa\/wp-json\/wp\/v2\/media?parent=308"}],"curies":[{"name":"wp","href":"https:\/\/api.w.org\/{rel}","templated":true}]}}