{"id":267,"date":"2025-05-29T12:28:13","date_gmt":"2025-05-29T15:28:13","guid":{"rendered":"https:\/\/evceducacional.com\/loja\/?post_type=product&#038;p=267"},"modified":"2025-05-29T15:43:10","modified_gmt":"2025-05-29T18:43:10","slug":"aspectos-fundamentais-ead","status":"publish","type":"product","link":"https:\/\/evceducacional.com\/loja\/index.php\/produto\/aspectos-fundamentais-ead\/","title":{"rendered":"Aspectos fundamentais da Nova Pol\u00edtica para EaD e Processos de adequa\u00e7\u00e3o"},"content":{"rendered":"","protected":false},"excerpt":{"rendered":"<h5><em><span class=\"OYPEnA font-feature-liga-off font-feature-clig-off font-feature-calt-off text-decoration-none text-strikethrough-none\">Decreto 12.456\/2025 | Portaria 378\/2025 | Referenciais de Qualidade<\/span><\/em><\/h5>\n<p><span style=\"font-weight: 400;\">O curso de Novas Pol\u00edticas P\u00fablicas da Educa\u00e7\u00e3o a Dist\u00e2ncia: Regula\u00e7\u00e3o e operacionaliza\u00e7\u00e3o, visa capacitar e atualizar profissionais que atuam em diversos setores da gest\u00e3o acad\u00eamica, com foco especial nos gestores institucionais e coordenadores de cursos.<br \/>\n<\/span><span style=\"font-weight: 400;\"><strong>Data<\/strong>: 28\/06<br \/>\n<\/span><span style=\"font-weight: 400;\"><strong>Hor\u00e1rio<\/strong>: 09h \u00e0s 17h<br \/>\n<strong>Modalidades<\/strong>: Presencial ou Online<br \/>\nPresencial no endere\u00e7o: Rua Engenheiro Carlos Stevenson, 740, Nova Campinas &#8211; Campinas\/SP ou Online pelo link que ser\u00e1 disponibilizado um dia antes do curso.<br \/>\n<\/span><span style=\"font-weight: 400;\"><strong>Oferecimento<\/strong>: EVC\u00a0 Educacional + GMF<br \/>\n<\/span><span style=\"font-weight: 400;\"><strong>Apoio e Certifica\u00e7\u00e3o<\/strong>: FINT &#8211; Faculdade e Instituto Nikola Tesla<\/span><\/p>\n","protected":false},"featured_media":277,"template":"","meta":[],"product_cat":[17],"product_tag":[],"_links":{"self":[{"href":"https:\/\/evceducacional.com\/loja\/index.php\/wp-json\/wp\/v3\/product\/267"}],"collection":[{"href":"https:\/\/evceducacional.com\/loja\/index.php\/wp-json\/wp\/v3\/product"}],"about":[{"href":"https:\/\/evceducacional.com\/loja\/index.php\/wp-json\/wp\/v2\/types\/product"}],"wp:featuredmedia":[{"embeddable":true,"href":"https:\/\/evceducacional.com\/loja\/index.php\/wp-json\/wp\/v2\/media\/277"}],"wp:attachment":[{"href":"https:\/\/evceducacional.com\/loja\/index.php\/wp-json\/wp\/v2\/media?parent=267"}],"wp:term":[{"taxonomy":"product_cat","embeddable":true,"href":"https:\/\/evceducacional.com\/loja\/index.php\/wp-json\/wp\/v2\/product_cat?post=267"},{"taxonomy":"product_tag","embeddable":true,"href":"https:\/\/evceducacional.com\/loja\/index.php\/wp-json\/wp\/v2\/product_tag?post=267"}],"curies":[{"name":"wp","href":"https:\/\/api.w.org\/{rel}","templated":true}]}}